{"id":1950,"date":"2011-11-04T10:18:53","date_gmt":"2011-11-04T14:18:53","guid":{"rendered":"http:\/\/babooncreation.com\/services-2\/"},"modified":"2018-04-03T16:38:05","modified_gmt":"2018-04-03T16:38:05","slug":"services-en-design-graphique","status":"publish","type":"page","link":"https:\/\/www.babooncreation.com\/fr\/services-en-design-graphique\/","title":{"rendered":"Services"},"content":{"rendered":"<div class='one_third'>\r\n\t\t\t\t\t<h3><img loading=\"lazy\" decoding=\"async\" class=\"alignnone size-full wp-image-2237\" alt=\"Branding\" src=\"http:\/\/babooncreation.com\/wp-content\/uploads\/2011\/11\/branding.jpg\" width=\"500\" height=\"361\" srcset=\"https:\/\/babooncreation-1a01b.kxcdn.com\/wp-content\/uploads\/2011\/11\/branding.jpg 500w, https:\/\/babooncreation-1a01b.kxcdn.com\/wp-content\/uploads\/2011\/11\/branding-300x216.jpg 300w\" sizes=\"auto, (max-width: 500px) 100vw, 500px\" \/><\/h3>\n<h3><span style=\"font-size: 1.17em;\">Branding<\/span><\/h3>\n<ul>\n<li>Logos<\/li>\n<li>Cartes d\u2019affaires<\/li>\n<li>Papiers en-t\u00eate \/ Enveloppes<\/li>\n<\/ul>\r\n\t\t\t\t<\/div><div class='one_third'>\r\n\t\t\t\t\t<h3><img loading=\"lazy\" decoding=\"async\" class=\"alignnone size-full wp-image-2238\" alt=\"Print\" src=\"http:\/\/babooncreation.com\/wp-content\/uploads\/2011\/11\/print.jpg\" width=\"500\" height=\"361\" srcset=\"https:\/\/babooncreation-1a01b.kxcdn.com\/wp-content\/uploads\/2011\/11\/print.jpg 500w, https:\/\/babooncreation-1a01b.kxcdn.com\/wp-content\/uploads\/2011\/11\/print-300x216.jpg 300w\" sizes=\"auto, (max-width: 500px) 100vw, 500px\" \/><\/h3>\n<h3><span style=\"font-size: 1.17em;\">Imprim\u00e9<\/span><\/h3>\n<ul>\n<li>Brochures \/ Flyers<\/li>\n<li>Affiches<\/li>\n<li>Magazines \/ Journaux<\/li>\n<\/ul>\r\n\t\t\t\t<\/div><div class='one_third et_column_last'>\r\n\t\t\t\t\t<h3><img loading=\"lazy\" decoding=\"async\" class=\"alignnone size-full wp-image-2239\" alt=\"web design\" src=\"http:\/\/babooncreation.com\/wp-content\/uploads\/2011\/11\/web-design.jpg\" width=\"500\" height=\"361\" srcset=\"https:\/\/babooncreation-1a01b.kxcdn.com\/wp-content\/uploads\/2011\/11\/web-design.jpg 500w, https:\/\/babooncreation-1a01b.kxcdn.com\/wp-content\/uploads\/2011\/11\/web-design-300x216.jpg 300w\" sizes=\"auto, (max-width: 500px) 100vw, 500px\" \/><\/h3>\n<h3><span style=\"font-size: 1.17em;\">Web<\/span><\/h3>\n<ul>\n<li>de superbes designs web<\/li>\n<li>des outils d\u2019\u00e9dition qui permettent de g\u00e9rer du contenu<\/li>\n<li>de la gestion pour votre nom de domaine et votre h\u00e9bergement<\/li>\n<\/ul>\r\n\t\t\t\t<\/div><div class='clear'><\/div><\/p>\n","protected":false},"excerpt":{"rendered":"","protected":false},"author":4,"featured_media":0,"parent":0,"menu_order":3,"comment_status":"closed","ping_status":"open","template":"","meta":{"footnotes":""},"class_list":["post-1950","page","type-page","status-publish","hentry"],"yoast_head":"<!-- This site is optimized with the Yoast SEO plugin v27.5 - https:\/\/yoast.com\/product\/yoast-seo-wordpress\/ -->\n<title>Services en design graphique \u00e0 Montr\u00e9al<\/title>\n<meta name=\"description\" content=\"Design de logos, design graphique, cr\u00e9ation de site web et r\u00e9alisation vid\u00e9o \u00e0 Montr\u00e9al.\" \/>\n<meta name=\"robots\" content=\"index, follow, max-snippet:-1, max-image-preview:large, max-video-preview:-1\" \/>\n<link rel=\"canonical\" href=\"https:\/\/www.babooncreation.com\/fr\/services-en-design-graphique\/\" \/>\n<meta property=\"og:locale\" content=\"fr_FR\" \/>\n<meta property=\"og:type\" content=\"article\" \/>\n<meta property=\"og:title\" content=\"Services en design graphique \u00e0 Montr\u00e9al\" \/>\n<meta property=\"og:description\" content=\"Design de logos, design graphique, cr\u00e9ation de site web et r\u00e9alisation vid\u00e9o \u00e0 Montr\u00e9al.\" \/>\n<meta property=\"og:url\" content=\"https:\/\/www.babooncreation.com\/fr\/services-en-design-graphique\/\" \/>\n<meta property=\"og:site_name\" content=\"Baboon Creation\" \/>\n<meta property=\"article:modified_time\" content=\"2018-04-03T16:38:05+00:00\" \/>\n<meta property=\"og:image\" content=\"http:\/\/babooncreation.com\/wp-content\/uploads\/2011\/11\/branding.jpg\" \/>\n<meta name=\"twitter:card\" content=\"summary_large_image\" \/>\n<meta name=\"twitter:site\" content=\"@babooncreation\" \/>\n<script type=\"application\/ld+json\" class=\"yoast-schema-graph\">{\"@context\":\"https:\\\/\\\/schema.org\",\"@graph\":[{\"@type\":\"WebPage\",\"@id\":\"https:\\\/\\\/www.babooncreation.com\\\/fr\\\/services-en-design-graphique\\\/\",\"url\":\"https:\\\/\\\/www.babooncreation.com\\\/fr\\\/services-en-design-graphique\\\/\",\"name\":\"Services en design graphique \u00e0 Montr\u00e9al\",\"isPartOf\":{\"@id\":\"https:\\\/\\\/www.babooncreation.com\\\/fr\\\/#website\"},\"primaryImageOfPage\":{\"@id\":\"https:\\\/\\\/www.babooncreation.com\\\/fr\\\/services-en-design-graphique\\\/#primaryimage\"},\"image\":{\"@id\":\"https:\\\/\\\/www.babooncreation.com\\\/fr\\\/services-en-design-graphique\\\/#primaryimage\"},\"thumbnailUrl\":\"http:\\\/\\\/babooncreation.com\\\/wp-content\\\/uploads\\\/2011\\\/11\\\/branding.jpg\",\"datePublished\":\"2011-11-04T14:18:53+00:00\",\"dateModified\":\"2018-04-03T16:38:05+00:00\",\"description\":\"Design de logos, design graphique, cr\u00e9ation de site web et r\u00e9alisation vid\u00e9o \u00e0 Montr\u00e9al.\",\"breadcrumb\":{\"@id\":\"https:\\\/\\\/www.babooncreation.com\\\/fr\\\/services-en-design-graphique\\\/#breadcrumb\"},\"inLanguage\":\"fr-FR\",\"potentialAction\":[{\"@type\":\"ReadAction\",\"target\":[\"https:\\\/\\\/www.babooncreation.com\\\/fr\\\/services-en-design-graphique\\\/\"]}]},{\"@type\":\"ImageObject\",\"inLanguage\":\"fr-FR\",\"@id\":\"https:\\\/\\\/www.babooncreation.com\\\/fr\\\/services-en-design-graphique\\\/#primaryimage\",\"url\":\"http:\\\/\\\/babooncreation.com\\\/wp-content\\\/uploads\\\/2011\\\/11\\\/branding.jpg\",\"contentUrl\":\"http:\\\/\\\/babooncreation.com\\\/wp-content\\\/uploads\\\/2011\\\/11\\\/branding.jpg\"},{\"@type\":\"BreadcrumbList\",\"@id\":\"https:\\\/\\\/www.babooncreation.com\\\/fr\\\/services-en-design-graphique\\\/#breadcrumb\",\"itemListElement\":[{\"@type\":\"ListItem\",\"position\":1,\"name\":\"Home\",\"item\":\"https:\\\/\\\/www.babooncreation.com\\\/fr\\\/\"},{\"@type\":\"ListItem\",\"position\":2,\"name\":\"Services\"}]},{\"@type\":\"WebSite\",\"@id\":\"https:\\\/\\\/www.babooncreation.com\\\/fr\\\/#website\",\"url\":\"https:\\\/\\\/www.babooncreation.com\\\/fr\\\/\",\"name\":\"Baboon Creation\",\"description\":\"Branding, graphic design and web design in Montreal\",\"potentialAction\":[{\"@type\":\"SearchAction\",\"target\":{\"@type\":\"EntryPoint\",\"urlTemplate\":\"https:\\\/\\\/www.babooncreation.com\\\/fr\\\/?s={search_term_string}\"},\"query-input\":{\"@type\":\"PropertyValueSpecification\",\"valueRequired\":true,\"valueName\":\"search_term_string\"}}],\"inLanguage\":\"fr-FR\"}]}<\/script>\n<!-- \/ Yoast SEO plugin. -->","yoast_head_json":{"title":"Services en design graphique \u00e0 Montr\u00e9al","description":"Design de logos, design graphique, cr\u00e9ation de site web et r\u00e9alisation vid\u00e9o \u00e0 Montr\u00e9al.","robots":{"index":"index","follow":"follow","max-snippet":"max-snippet:-1","max-image-preview":"max-image-preview:large","max-video-preview":"max-video-preview:-1"},"canonical":"https:\/\/www.babooncreation.com\/fr\/services-en-design-graphique\/","og_locale":"fr_FR","og_type":"article","og_title":"Services en design graphique \u00e0 Montr\u00e9al","og_description":"Design de logos, design graphique, cr\u00e9ation de site web et r\u00e9alisation vid\u00e9o \u00e0 Montr\u00e9al.","og_url":"https:\/\/www.babooncreation.com\/fr\/services-en-design-graphique\/","og_site_name":"Baboon Creation","article_modified_time":"2018-04-03T16:38:05+00:00","og_image":[{"url":"http:\/\/babooncreation.com\/wp-content\/uploads\/2011\/11\/branding.jpg","type":"","width":"","height":""}],"twitter_card":"summary_large_image","twitter_site":"@babooncreation","schema":{"@context":"https:\/\/schema.org","@graph":[{"@type":"WebPage","@id":"https:\/\/www.babooncreation.com\/fr\/services-en-design-graphique\/","url":"https:\/\/www.babooncreation.com\/fr\/services-en-design-graphique\/","name":"Services en design graphique \u00e0 Montr\u00e9al","isPartOf":{"@id":"https:\/\/www.babooncreation.com\/fr\/#website"},"primaryImageOfPage":{"@id":"https:\/\/www.babooncreation.com\/fr\/services-en-design-graphique\/#primaryimage"},"image":{"@id":"https:\/\/www.babooncreation.com\/fr\/services-en-design-graphique\/#primaryimage"},"thumbnailUrl":"http:\/\/babooncreation.com\/wp-content\/uploads\/2011\/11\/branding.jpg","datePublished":"2011-11-04T14:18:53+00:00","dateModified":"2018-04-03T16:38:05+00:00","description":"Design de logos, design graphique, cr\u00e9ation de site web et r\u00e9alisation vid\u00e9o \u00e0 Montr\u00e9al.","breadcrumb":{"@id":"https:\/\/www.babooncreation.com\/fr\/services-en-design-graphique\/#breadcrumb"},"inLanguage":"fr-FR","potentialAction":[{"@type":"ReadAction","target":["https:\/\/www.babooncreation.com\/fr\/services-en-design-graphique\/"]}]},{"@type":"ImageObject","inLanguage":"fr-FR","@id":"https:\/\/www.babooncreation.com\/fr\/services-en-design-graphique\/#primaryimage","url":"http:\/\/babooncreation.com\/wp-content\/uploads\/2011\/11\/branding.jpg","contentUrl":"http:\/\/babooncreation.com\/wp-content\/uploads\/2011\/11\/branding.jpg"},{"@type":"BreadcrumbList","@id":"https:\/\/www.babooncreation.com\/fr\/services-en-design-graphique\/#breadcrumb","itemListElement":[{"@type":"ListItem","position":1,"name":"Home","item":"https:\/\/www.babooncreation.com\/fr\/"},{"@type":"ListItem","position":2,"name":"Services"}]},{"@type":"WebSite","@id":"https:\/\/www.babooncreation.com\/fr\/#website","url":"https:\/\/www.babooncreation.com\/fr\/","name":"Baboon Creation","description":"Branding, graphic design and web design in Montreal","potentialAction":[{"@type":"SearchAction","target":{"@type":"EntryPoint","urlTemplate":"https:\/\/www.babooncreation.com\/fr\/?s={search_term_string}"},"query-input":{"@type":"PropertyValueSpecification","valueRequired":true,"valueName":"search_term_string"}}],"inLanguage":"fr-FR"}]}},"_links":{"self":[{"href":"https:\/\/www.babooncreation.com\/fr\/wp-json\/wp\/v2\/pages\/1950","targetHints":{"allow":["GET"]}}],"collection":[{"href":"https:\/\/www.babooncreation.com\/fr\/wp-json\/wp\/v2\/pages"}],"about":[{"href":"https:\/\/www.babooncreation.com\/fr\/wp-json\/wp\/v2\/types\/page"}],"author":[{"embeddable":true,"href":"https:\/\/www.babooncreation.com\/fr\/wp-json\/wp\/v2\/users\/4"}],"replies":[{"embeddable":true,"href":"https:\/\/www.babooncreation.com\/fr\/wp-json\/wp\/v2\/comments?post=1950"}],"version-history":[{"count":13,"href":"https:\/\/www.babooncreation.com\/fr\/wp-json\/wp\/v2\/pages\/1950\/revisions"}],"predecessor-version":[{"id":2316,"href":"https:\/\/www.babooncreation.com\/fr\/wp-json\/wp\/v2\/pages\/1950\/revisions\/2316"}],"wp:attachment":[{"href":"https:\/\/www.babooncreation.com\/fr\/wp-json\/wp\/v2\/media?parent=1950"}],"curies":[{"name":"wp","href":"https:\/\/api.w.org\/{rel}","templated":true}]}}